{"id":2606,"date":"2019-03-27T09:55:34","date_gmt":"2019-03-27T08:55:34","guid":{"rendered":"http:\/\/pub.ingede.com\/?page_id=2606"},"modified":"2024-01-26T19:02:39","modified_gmt":"2024-01-26T18:02:39","slug":"may-2019","status":"publish","type":"page","link":"https:\/\/pub.ingede.com\/en\/may-2019\/","title":{"rendered":"INGEDE News May 2019"},"content":{"rendered":"\t\t<div data-elementor-type=\"wp-post\" data-elementor-id=\"2606\" class=\"elementor elementor-2606\">\n\t\t\t\t\t\t<section class=\"elementor-section elementor-top-section elementor-element elementor-element-2c155c80 elementor-section-stretched elementor-section-boxed elementor-section-height-default elementor-section-height-default\" data-id=\"2c155c80\" data-element_type=\"section\" data-e-type=\"section\" data-settings=\"{&quot;stretch_section&quot;:&quot;section-stretched&quot;}\">\n\t\t\t\t\t\t<div class=\"elementor-container elementor-column-gap-default\">\n\t\t\t\t\t<div class=\"elementor-column elementor-col-100 elementor-top-column elementor-element elementor-element-70d06fd6\" data-id=\"70d06fd6\" data-element_type=\"column\" data-e-type=\"column\">\n\t\t\t<div class=\"elementor-widget-wrap elementor-element-populated\">\n\t\t\t\t\t\t<div class=\"elementor-element elementor-element-7f416b13 elementor-widget elementor-widget-text-editor\" data-id=\"7f416b13\" data-element_type=\"widget\" data-e-type=\"widget\" data-widget_type=\"text-editor.default\">\n\t\t\t\t<div class=\"elementor-widget-container\">\n\t\t\t\t\t\t\t\t\t<p><ul class=\"bogo-language-switcher list-view\"><li class=\"de-DE de first\"><span class=\"bogoflags bogoflags-de\"><\/span> <span class=\"bogo-language-name\"><a rel=\"alternate\" hreflang=\"de-DE\" href=\"https:\/\/pub.ingede.com\/wp-json\/wp\/v2\/pages\/2606\/\" title=\"German\">Deutsch<\/a><\/span><\/li>\n<li class=\"en-GB en current last\"><span class=\"bogoflags bogoflags-gb\"><\/span> <span class=\"bogo-language-name\"><a rel=\"alternate\" hreflang=\"en-GB\" href=\"https:\/\/pub.ingede.com\/en\/wp-json\/wp\/v2\/pages\/2606\/\" title=\"English\" class=\"current\" aria-current=\"page\">English<\/a><\/span><\/li>\n<\/ul><\/p>\t\t\t\t\t\t\t\t<\/div>\n\t\t\t\t<\/div>\n\t\t\t\t<div class=\"elementor-element elementor-element-22b1028a elementor-widget-divider--view-line elementor-widget elementor-widget-divider\" data-id=\"22b1028a\" data-element_type=\"widget\" data-e-type=\"widget\" data-widget_type=\"divider.default\">\n\t\t\t\t<div class=\"elementor-widget-container\">\n\t\t\t\t\t\t\t<div class=\"elementor-divider\">\n\t\t\t<span class=\"elementor-divider-separator\">\n\t\t\t\t\t\t<\/span>\n\t\t<\/div>\n\t\t\t\t\t\t<\/div>\n\t\t\t\t<\/div>\n\t\t\t\t\t<\/div>\n\t\t<\/div>\n\t\t\t\t\t<\/div>\n\t\t<\/section>\n\t\t\t\t<section class=\"elementor-section elementor-top-section elementor-element elementor-element-38b18d85 elementor-section-stretched elementor-section-boxed elementor-section-height-default elementor-section-height-default\" data-id=\"38b18d85\" data-element_type=\"section\" data-e-type=\"section\" data-settings=\"{&quot;stretch_section&quot;:&quot;section-stretched&quot;}\">\n\t\t\t\t\t\t<div class=\"elementor-container elementor-column-gap-wider\">\n\t\t\t\t\t<div class=\"elementor-column elementor-col-50 elementor-top-column elementor-element elementor-element-2d61e646\" data-id=\"2d61e646\" data-element_type=\"column\" data-e-type=\"column\">\n\t\t\t<div class=\"elementor-widget-wrap elementor-element-populated\">\n\t\t\t\t\t\t<div class=\"elementor-element elementor-element-3069d036 elementor-widget elementor-widget-text-editor\" data-id=\"3069d036\" data-element_type=\"widget\" data-e-type=\"widget\" data-widget_type=\"text-editor.default\">\n\t\t\t\t<div class=\"elementor-widget-container\">\n\t\t\t\t\t\t\t\t\t<h2><strong>INGEDE News May 2019<\/strong><\/h2><ul><li><b><a href=\"http:\/\/pub.ingede.com\/en-GB\/events\/\"><span style=\"text-decoration: underline;\">Calendar of events<\/span><\/a><\/b><\/li><li><a href=\"#flexoe\"><span style=\"text-decoration: underline;\">Looking for <b>deinkable flexo ink for envelopes<\/b><\/span><\/a><\/li><li><a href=\"#factsbe\">New factsheet about <b>paper with the &#8220;Blue Angel&#8221; Ecolabel<\/b><\/a><\/li><\/ul>\t\t\t\t\t\t\t\t<\/div>\n\t\t\t\t<\/div>\n\t\t\t\t\t<\/div>\n\t\t<\/div>\n\t\t\t\t<div class=\"elementor-column elementor-col-50 elementor-top-column elementor-element elementor-element-64406f3\" data-id=\"64406f3\" data-element_type=\"column\" data-e-type=\"column\">\n\t\t\t<div class=\"elementor-widget-wrap\">\n\t\t\t\t\t\t\t<\/div>\n\t\t<\/div>\n\t\t\t\t\t<\/div>\n\t\t<\/section>\n\t\t\t\t<section class=\"elementor-section elementor-top-section elementor-element elementor-element-cd829cc elementor-section-stretched elementor-section-boxed elementor-section-height-default elementor-section-height-default\" data-id=\"cd829cc\" data-element_type=\"section\" data-e-type=\"section\" data-settings=\"{&quot;stretch_section&quot;:&quot;section-stretched&quot;}\">\n\t\t\t\t\t\t<div class=\"elementor-container elementor-column-gap-default\">\n\t\t\t\t\t<div class=\"elementor-column elementor-col-100 elementor-top-column elementor-element elementor-element-398460f\" data-id=\"398460f\" data-element_type=\"column\" data-e-type=\"column\">\n\t\t\t<div class=\"elementor-widget-wrap elementor-element-populated\">\n\t\t\t\t\t\t<div class=\"elementor-element elementor-element-120d500 elementor-widget-divider--view-line elementor-widget elementor-widget-divider\" data-id=\"120d500\" data-element_type=\"widget\" data-e-type=\"widget\" data-widget_type=\"divider.default\">\n\t\t\t\t<div class=\"elementor-widget-container\">\n\t\t\t\t\t\t\t<div class=\"elementor-divider\">\n\t\t\t<span class=\"elementor-divider-separator\">\n\t\t\t\t\t\t<\/span>\n\t\t<\/div>\n\t\t\t\t\t\t<\/div>\n\t\t\t\t<\/div>\n\t\t\t\t\t<\/div>\n\t\t<\/div>\n\t\t\t\t\t<\/div>\n\t\t<\/section>\n\t\t\t\t<section class=\"elementor-section elementor-top-section elementor-element elementor-element-3b2fbfd0 elementor-section-stretched elementor-section-boxed elementor-section-height-default elementor-section-height-default\" data-id=\"3b2fbfd0\" data-element_type=\"section\" data-e-type=\"section\" data-settings=\"{&quot;stretch_section&quot;:&quot;section-stretched&quot;,&quot;background_background&quot;:&quot;classic&quot;}\">\n\t\t\t\t\t\t\t<div class=\"elementor-background-overlay\"><\/div>\n\t\t\t\t\t\t\t<div class=\"elementor-container elementor-column-gap-default\">\n\t\t\t\t\t<div class=\"elementor-column elementor-col-50 elementor-top-column elementor-element elementor-element-3cae448f\" data-id=\"3cae448f\" data-element_type=\"column\" data-e-type=\"column\">\n\t\t\t<div class=\"elementor-widget-wrap elementor-element-populated\">\n\t\t\t\t\t\t<div class=\"elementor-element elementor-element-a99f68e elementor-widget elementor-widget-heading\" data-id=\"a99f68e\" data-element_type=\"widget\" data-e-type=\"widget\" id=\"flexoe\" data-widget_type=\"heading.default\">\n\t\t\t\t<div class=\"elementor-widget-container\">\n\t\t\t\t\t<h2 class=\"elementor-heading-title elementor-size-default\">Deinkable Flexo Ink for Envelopes<\/h2>\t\t\t\t<\/div>\n\t\t\t\t<\/div>\n\t\t\t\t<div class=\"elementor-element elementor-element-4c4a8ce2 elementor-widget elementor-widget-text-editor\" data-id=\"4c4a8ce2\" data-element_type=\"widget\" data-e-type=\"widget\" data-widget_type=\"text-editor.default\">\n\t\t\t\t<div class=\"elementor-widget-container\">\n\t\t\t\t\t\t\t\t\t<p>(to be translated)<\/p><p>F\u00fcr Briefumschl\u00e4ge werden haupts\u00e4chlich Standard-Flexodruckfarben auf Wasserbasis eingesetzt, diese sind schlecht deinkbar, was schon Tests im Jahr 2007 gezeigt haben. Da es Anfragen aus dem Markt schon zu diesem Zeitpunkt gab, hat ein Unternehmen erfolgreich versucht, die Deinkbarkeit von Briefumschlagfarben zu verbessern.<\/p><p>Das PMV der TU Darmstadt (Dr. Putz) hat seit vielen Jahren Kontakt zur Firma Doneck Euroflex in Luxemburg, die Druckfarben f\u00fcr diese Zwecke herstellt. Die Firma hat deinkbare Farben entwickelt und seit Jahren im Sortiment. Am PMV gab es etliche Untersuchungen an Briefumschl\u00e4gen mit einseitigem, vollfl\u00e4chigem grauen\/schwarzen Innendruck, diese ergaben eine gute Deinkbarkeit. Dr. Putz hat die Versuchsergebnisse zusammengefasst:<\/p><ul><li>Die Zusammenarbeit geht bis ins Jahr 2007 zur\u00fcck, als das PMV erste Untersuchungen zur Deinkbarkeit von Flexofarben f\u00fcr den Briefumschlag-Innendruck f\u00fcr Doneck durchf\u00fchrte.<\/li><li>Nach Entwicklungsarbeit von Doneck hat das PMV erstmals 2008 die Farbserie WEA \u201eEURO-BASE\u201c mit dem Spezialverschnitten WXE \u201eECO-MAIL\u201c bzw. \u201eBIO-MAIL\u201c als gut deinkbar zertifiziert.<\/li><li>In 2009 wurde die Farbserie EB-1, in 2012 die Farbserien WXE 6000 und WXE 6001 als gut deinkbar eingestuft.<\/li><li>In 2016 wurde den Farbserien WXE 9700, WXE 9711, WXE 9712 und WXE 9713 eine gute Deinkbarkeit mit mind. 90 Punkten und max. 100 Punkten nach EPRC attestiert.\u201c<\/li><\/ul><p>Die Farben werden, so R\u00fcdiger Neusch\u00e4fer von Doneck, aufgrund der h\u00f6heren Kosten jedoch nur bei Produktionen eingesetzt wo der Kunde ausdr\u00fccklich Deinkbarkeit fordert oder wo es vom RAL entsprechende Vorgaben f\u00fcr den \u201eBlauen Engel\u201c gibt.<\/p><p>Der Anteil der deinkbaren Farben im Briefumschlagmarkt ist sehr gering. Diese werden derzeit nur in Deutschland eingesetzt, au\u00dferhalb Deutschlands gibt es, so Neusch\u00e4fer, &#8220;bisher kein Interesse&#8221;.<\/p>\t\t\t\t\t\t\t\t<\/div>\n\t\t\t\t<\/div>\n\t\t\t\t\t<\/div>\n\t\t<\/div>\n\t\t\t\t<div class=\"elementor-column elementor-col-50 elementor-top-column elementor-element elementor-element-1477136d\" data-id=\"1477136d\" data-element_type=\"column\" data-e-type=\"column\">\n\t\t\t<div class=\"elementor-widget-wrap elementor-element-populated\">\n\t\t\t\t\t\t<div class=\"elementor-element elementor-element-411387bf elementor-widget elementor-widget-spacer\" data-id=\"411387bf\" data-element_type=\"widget\" data-e-type=\"widget\" data-widget_type=\"spacer.default\">\n\t\t\t\t<div class=\"elementor-widget-container\">\n\t\t\t\t\t\t\t<div class=\"elementor-spacer\">\n\t\t\t<div class=\"elementor-spacer-inner\"><\/div>\n\t\t<\/div>\n\t\t\t\t\t\t<\/div>\n\t\t\t\t<\/div>\n\t\t\t\t<div class=\"elementor-element elementor-element-75aaa717 elementor-widget elementor-widget-image\" data-id=\"75aaa717\" data-element_type=\"widget\" data-e-type=\"widget\" data-widget_type=\"image.default\">\n\t\t\t\t<div class=\"elementor-widget-container\">\n\t\t\t\t\t\t\t\t\t\t\t\t<figure class=\"wp-caption\">\n\t\t\t\t\t\t\t\t\t\t<img fetchpriority=\"high\" decoding=\"async\" width=\"640\" height=\"360\" src=\"https:\/\/pub.ingede.com\/wp-content\/uploads\/2019\/06\/IMG_6513-Umschl\u00e4ge-Blauer_Engel-800.jpg\" class=\"attachment-large size-large wp-image-3112\" alt=\"\" srcset=\"https:\/\/pub.ingede.com\/wp-content\/uploads\/2019\/06\/IMG_6513-Umschl\u00e4ge-Blauer_Engel-800.jpg 800w, https:\/\/pub.ingede.com\/wp-content\/uploads\/2019\/06\/IMG_6513-Umschl\u00e4ge-Blauer_Engel-800-300x169.jpg 300w, https:\/\/pub.ingede.com\/wp-content\/uploads\/2019\/06\/IMG_6513-Umschl\u00e4ge-Blauer_Engel-800-768x432.jpg 768w\" sizes=\"(max-width: 640px) 100vw, 640px\" \/>\t\t\t\t\t\t\t\t\t\t\t<figcaption class=\"widget-image-caption wp-caption-text\">Now a deinkable flexo ink is available for the inside of envelopes, but there is no demand from outside Germany (Image: Axel Fischer)<\/figcaption>\n\t\t\t\t\t\t\t\t\t\t<\/figure>\n\t\t\t\t\t\t\t\t\t<\/div>\n\t\t\t\t<\/div>\n\t\t\t\t\t<\/div>\n\t\t<\/div>\n\t\t\t\t\t<\/div>\n\t\t<\/section>\n\t\t\t\t<section class=\"elementor-section elementor-top-section elementor-element elementor-element-79163e9 elementor-section-stretched elementor-section-boxed elementor-section-height-default elementor-section-height-default\" data-id=\"79163e9\" data-element_type=\"section\" data-e-type=\"section\" data-settings=\"{&quot;stretch_section&quot;:&quot;section-stretched&quot;,&quot;background_background&quot;:&quot;classic&quot;}\">\n\t\t\t\t\t\t\t<div class=\"elementor-background-overlay\"><\/div>\n\t\t\t\t\t\t\t<div class=\"elementor-container elementor-column-gap-default\">\n\t\t\t\t\t<div class=\"elementor-column elementor-col-50 elementor-top-column elementor-element elementor-element-920606d\" data-id=\"920606d\" data-element_type=\"column\" data-e-type=\"column\" data-settings=\"{&quot;background_background&quot;:&quot;classic&quot;}\">\n\t\t\t<div class=\"elementor-widget-wrap elementor-element-populated\">\n\t\t\t\t\t<div class=\"elementor-background-overlay\"><\/div>\n\t\t\t\t\t\t<div class=\"elementor-element elementor-element-a846bf2 elementor-widget elementor-widget-heading\" data-id=\"a846bf2\" data-element_type=\"widget\" data-e-type=\"widget\" id=\"factsbe\" data-widget_type=\"heading.default\">\n\t\t\t\t<div class=\"elementor-widget-container\">\n\t\t\t\t\t<h2 class=\"elementor-heading-title elementor-size-default\">Blue Angel for recycled paper<\/h2>\t\t\t\t<\/div>\n\t\t\t\t<\/div>\n\t\t\t\t<div class=\"elementor-element elementor-element-7a0f919 elementor-widget elementor-widget-text-editor\" data-id=\"7a0f919\" data-element_type=\"widget\" data-e-type=\"widget\" data-widget_type=\"text-editor.default\">\n\t\t\t\t<div class=\"elementor-widget-container\">\n\t\t\t\t\t\t\t\t\t<p><b>Factsheet recycled paper now also in English\u00a0<\/b><\/p><p>In Germany almost everybody knows it: The Blue Angel ecolabel, an ecolabel by the federal government, that marks the most environmental products in thei respective category. For paper, it guarantees the utilisation of 100 percent paper for recycling and poses strict requirements to the manufacturing process. To communicate the advantages of paper with the Blue Angel also outside of Germany, the Initiative Recycled Paper (IPR) has published the <strong>Factsheet &#8220;<a href=\"https:\/\/www.papiernetz.de\/informationen\/material\/\">Blue Angel-certified recycled paper<\/a>&#8220;<\/strong> that gives an overview with the most important information also in English. Sure, the <a href=\"https:\/\/www.papiernetz.de\/informationen\/material\/\">Factsheet<\/a> is also available in German.<\/p>\t\t\t\t\t\t\t\t<\/div>\n\t\t\t\t<\/div>\n\t\t\t\t\t<\/div>\n\t\t<\/div>\n\t\t\t\t<div class=\"elementor-column elementor-col-50 elementor-top-column elementor-element elementor-element-6150610\" data-id=\"6150610\" data-element_type=\"column\" data-e-type=\"column\" data-settings=\"{&quot;background_background&quot;:&quot;classic&quot;}\">\n\t\t\t<div class=\"elementor-widget-wrap elementor-element-populated\">\n\t\t\t\t\t\t<div class=\"elementor-element elementor-element-1a938db elementor-widget elementor-widget-spacer\" data-id=\"1a938db\" data-element_type=\"widget\" data-e-type=\"widget\" data-widget_type=\"spacer.default\">\n\t\t\t\t<div class=\"elementor-widget-container\">\n\t\t\t\t\t\t\t<div class=\"elementor-spacer\">\n\t\t\t<div class=\"elementor-spacer-inner\"><\/div>\n\t\t<\/div>\n\t\t\t\t\t\t<\/div>\n\t\t\t\t<\/div>\n\t\t\t\t<div class=\"elementor-element elementor-element-3e61fd8 elementor-widget elementor-widget-image\" data-id=\"3e61fd8\" data-element_type=\"widget\" data-e-type=\"widget\" data-widget_type=\"image.default\">\n\t\t\t\t<div class=\"elementor-widget-container\">\n\t\t\t\t\t\t\t\t\t\t\t\t<figure class=\"wp-caption\">\n\t\t\t\t\t\t\t\t\t\t<img decoding=\"async\" width=\"640\" height=\"905\" src=\"https:\/\/pub.ingede.com\/wp-content\/uploads\/2019\/06\/factsheet_blueangel-certifiedrecycledpaper-001-724x1024.png\" class=\"attachment-large size-large wp-image-3114\" alt=\"\" srcset=\"https:\/\/pub.ingede.com\/wp-content\/uploads\/2019\/06\/factsheet_blueangel-certifiedrecycledpaper-001-724x1024.png 724w, https:\/\/pub.ingede.com\/wp-content\/uploads\/2019\/06\/factsheet_blueangel-certifiedrecycledpaper-001-212x300.png 212w, https:\/\/pub.ingede.com\/wp-content\/uploads\/2019\/06\/factsheet_blueangel-certifiedrecycledpaper-001-768x1086.png 768w\" sizes=\"(max-width: 640px) 100vw, 640px\" \/>\t\t\t\t\t\t\t\t\t\t\t<figcaption class=\"widget-image-caption wp-caption-text\">Now available: Factsheet about paper with the Blue Angel<\/figcaption>\n\t\t\t\t\t\t\t\t\t\t<\/figure>\n\t\t\t\t\t\t\t\t\t<\/div>\n\t\t\t\t<\/div>\n\t\t\t\t\t<\/div>\n\t\t<\/div>\n\t\t\t\t\t<\/div>\n\t\t<\/section>\n\t\t\t\t<\/div>\n\t\t","protected":false},"excerpt":{"rendered":"<p>INGEDE News May 2019 Calendar of events Looking for deinkable flexo ink for envelopes New factsheet about paper with the &#8220;Blue Angel&#8221; Ecolabel Deinkable Flexo Ink for Envelopes (to be translated) F\u00fcr Briefumschl\u00e4ge werden haupts\u00e4chlich Standard-Flexodruckfarben auf Wasserbasis eingesetzt, diese sind schlecht deinkbar, was schon Tests im Jahr 2007 gezeigt haben. Da es Anfragen aus&#8230;<\/p>\n","protected":false},"author":1,"featured_media":0,"parent":0,"menu_order":136,"comment_status":"closed","ping_status":"closed","template":"","meta":{"_locale":"en_GB","_original_post":"2605","footnotes":""},"class_list":["post-2606","page","type-page","status-publish","hentry","en-GB"],"yoast_head":"<!-- This site is optimized with the Yoast SEO plugin v27.1.1 - https:\/\/yoast.com\/product\/yoast-seo-wordpress\/ -->\n<title>INGEDE News May 2019 &#8211; About Paper Recycling and Deinking<\/title>\n<meta name=\"robots\" content=\"index, follow, max-snippet:-1, max-image-preview:large, max-video-preview:-1\" \/>\n<link rel=\"canonical\" href=\"https:\/\/pub.ingede.com\/en\/may-2019\/\" \/>\n<meta property=\"og:locale\" content=\"en_GB\" \/>\n<meta property=\"og:type\" content=\"article\" \/>\n<meta property=\"og:title\" content=\"INGEDE News May 2019 &#8211; About Paper Recycling and Deinking\" \/>\n<meta property=\"og:description\" content=\"INGEDE News May 2019 Calendar of events Looking for deinkable flexo ink for envelopes New factsheet about paper with the &#8220;Blue Angel&#8221; Ecolabel Deinkable Flexo Ink for Envelopes (to be translated) F\u00fcr Briefumschl\u00e4ge werden haupts\u00e4chlich Standard-Flexodruckfarben auf Wasserbasis eingesetzt, diese sind schlecht deinkbar, was schon Tests im Jahr 2007 gezeigt haben. Da es Anfragen aus...\" \/>\n<meta property=\"og:url\" content=\"https:\/\/pub.ingede.com\/en\/may-2019\/\" \/>\n<meta property=\"og:site_name\" content=\"Welcome to INGEDE\" \/>\n<meta property=\"article:modified_time\" content=\"2024-01-26T18:02:39+00:00\" \/>\n<meta property=\"og:image\" content=\"http:\/\/pub.ingede.com\/wp-content\/uploads\/2019\/06\/factsheet_blueangel-certifiedrecycledpaper-001-724x1024.png\" \/>\n<meta name=\"twitter:card\" content=\"summary_large_image\" \/>\n<meta name=\"twitter:label1\" content=\"Estimated reading time\" \/>\n\t<meta name=\"twitter:data1\" content=\"2 minutes\" \/>\n<script type=\"application\/ld+json\" class=\"yoast-schema-graph\">{\"@context\":\"https:\/\/schema.org\",\"@graph\":[{\"@type\":\"WebPage\",\"@id\":\"https:\/\/pub.ingede.com\/en\/may-2019\/\",\"url\":\"https:\/\/pub.ingede.com\/en\/may-2019\/\",\"name\":\"INGEDE News May 2019 &#8211; About Paper Recycling and Deinking\",\"isPartOf\":{\"@id\":\"https:\/\/pub.ingede.com\/#website\"},\"primaryImageOfPage\":{\"@id\":\"https:\/\/pub.ingede.com\/en\/may-2019\/#primaryimage\"},\"image\":{\"@id\":\"https:\/\/pub.ingede.com\/en\/may-2019\/#primaryimage\"},\"thumbnailUrl\":\"http:\/\/pub.ingede.com\/wp-content\/uploads\/2019\/06\/factsheet_blueangel-certifiedrecycledpaper-001-724x1024.png\",\"datePublished\":\"2019-03-27T08:55:34+00:00\",\"dateModified\":\"2024-01-26T18:02:39+00:00\",\"breadcrumb\":{\"@id\":\"https:\/\/pub.ingede.com\/en\/may-2019\/#breadcrumb\"},\"inLanguage\":\"en-GB\",\"potentialAction\":[{\"@type\":\"ReadAction\",\"target\":[\"https:\/\/pub.ingede.com\/en\/may-2019\/\"]}]},{\"@type\":\"ImageObject\",\"inLanguage\":\"en-GB\",\"@id\":\"https:\/\/pub.ingede.com\/en\/may-2019\/#primaryimage\",\"url\":\"http:\/\/pub.ingede.com\/wp-content\/uploads\/2019\/06\/factsheet_blueangel-certifiedrecycledpaper-001-724x1024.png\",\"contentUrl\":\"http:\/\/pub.ingede.com\/wp-content\/uploads\/2019\/06\/factsheet_blueangel-certifiedrecycledpaper-001-724x1024.png\"},{\"@type\":\"BreadcrumbList\",\"@id\":\"https:\/\/pub.ingede.com\/en\/may-2019\/#breadcrumb\",\"itemListElement\":[{\"@type\":\"ListItem\",\"position\":1,\"name\":\"Startseite\",\"item\":\"https:\/\/pub.ingede.com\/en\/\"},{\"@type\":\"ListItem\",\"position\":2,\"name\":\"INGEDE News May 2019\"}]},{\"@type\":\"WebSite\",\"@id\":\"https:\/\/pub.ingede.com\/#website\",\"url\":\"https:\/\/pub.ingede.com\/\",\"name\":\"INGEDE - We are the Deinkers.\",\"description\":\"We recycle paper.\",\"publisher\":{\"@id\":\"https:\/\/pub.ingede.com\/#organization\"},\"potentialAction\":[{\"@type\":\"SearchAction\",\"target\":{\"@type\":\"EntryPoint\",\"urlTemplate\":\"https:\/\/pub.ingede.com\/?s={search_term_string}\"},\"query-input\":{\"@type\":\"PropertyValueSpecification\",\"valueRequired\":true,\"valueName\":\"search_term_string\"}}],\"inLanguage\":\"en-GB\"},{\"@type\":\"Organization\",\"@id\":\"https:\/\/pub.ingede.com\/#organization\",\"name\":\"INGEDE\",\"url\":\"https:\/\/pub.ingede.com\/\",\"logo\":{\"@type\":\"ImageObject\",\"inLanguage\":\"en-GB\",\"@id\":\"https:\/\/pub.ingede.com\/#\/schema\/logo\/image\/\",\"url\":\"http:\/\/pub.ingede.com\/wp-content\/uploads\/2017\/05\/INGEDE-Logo-100x100mm300dpi.jpg\",\"contentUrl\":\"http:\/\/pub.ingede.com\/wp-content\/uploads\/2017\/05\/INGEDE-Logo-100x100mm300dpi.jpg\",\"width\":1181,\"height\":1181,\"caption\":\"INGEDE\"},\"image\":{\"@id\":\"https:\/\/pub.ingede.com\/#\/schema\/logo\/image\/\"}}]}<\/script>\n<!-- \/ Yoast SEO plugin. -->","yoast_head_json":{"title":"INGEDE News May 2019 &#8211; About Paper Recycling and Deinking","robots":{"index":"index","follow":"follow","max-snippet":"max-snippet:-1","max-image-preview":"max-image-preview:large","max-video-preview":"max-video-preview:-1"},"canonical":"https:\/\/pub.ingede.com\/en\/may-2019\/","og_locale":"en_GB","og_type":"article","og_title":"INGEDE News May 2019 &#8211; About Paper Recycling and Deinking","og_description":"INGEDE News May 2019 Calendar of events Looking for deinkable flexo ink for envelopes New factsheet about paper with the &#8220;Blue Angel&#8221; Ecolabel Deinkable Flexo Ink for Envelopes (to be translated) F\u00fcr Briefumschl\u00e4ge werden haupts\u00e4chlich Standard-Flexodruckfarben auf Wasserbasis eingesetzt, diese sind schlecht deinkbar, was schon Tests im Jahr 2007 gezeigt haben. Da es Anfragen aus...","og_url":"https:\/\/pub.ingede.com\/en\/may-2019\/","og_site_name":"Welcome to INGEDE","article_modified_time":"2024-01-26T18:02:39+00:00","og_image":[{"url":"http:\/\/pub.ingede.com\/wp-content\/uploads\/2019\/06\/factsheet_blueangel-certifiedrecycledpaper-001-724x1024.png","type":"","width":"","height":""}],"twitter_card":"summary_large_image","twitter_misc":{"Estimated reading time":"2 minutes"},"schema":{"@context":"https:\/\/schema.org","@graph":[{"@type":"WebPage","@id":"https:\/\/pub.ingede.com\/en\/may-2019\/","url":"https:\/\/pub.ingede.com\/en\/may-2019\/","name":"INGEDE News May 2019 &#8211; About Paper Recycling and Deinking","isPartOf":{"@id":"https:\/\/pub.ingede.com\/#website"},"primaryImageOfPage":{"@id":"https:\/\/pub.ingede.com\/en\/may-2019\/#primaryimage"},"image":{"@id":"https:\/\/pub.ingede.com\/en\/may-2019\/#primaryimage"},"thumbnailUrl":"http:\/\/pub.ingede.com\/wp-content\/uploads\/2019\/06\/factsheet_blueangel-certifiedrecycledpaper-001-724x1024.png","datePublished":"2019-03-27T08:55:34+00:00","dateModified":"2024-01-26T18:02:39+00:00","breadcrumb":{"@id":"https:\/\/pub.ingede.com\/en\/may-2019\/#breadcrumb"},"inLanguage":"en-GB","potentialAction":[{"@type":"ReadAction","target":["https:\/\/pub.ingede.com\/en\/may-2019\/"]}]},{"@type":"ImageObject","inLanguage":"en-GB","@id":"https:\/\/pub.ingede.com\/en\/may-2019\/#primaryimage","url":"http:\/\/pub.ingede.com\/wp-content\/uploads\/2019\/06\/factsheet_blueangel-certifiedrecycledpaper-001-724x1024.png","contentUrl":"http:\/\/pub.ingede.com\/wp-content\/uploads\/2019\/06\/factsheet_blueangel-certifiedrecycledpaper-001-724x1024.png"},{"@type":"BreadcrumbList","@id":"https:\/\/pub.ingede.com\/en\/may-2019\/#breadcrumb","itemListElement":[{"@type":"ListItem","position":1,"name":"Startseite","item":"https:\/\/pub.ingede.com\/en\/"},{"@type":"ListItem","position":2,"name":"INGEDE News May 2019"}]},{"@type":"WebSite","@id":"https:\/\/pub.ingede.com\/#website","url":"https:\/\/pub.ingede.com\/","name":"INGEDE - We are the Deinkers.","description":"We recycle paper.","publisher":{"@id":"https:\/\/pub.ingede.com\/#organization"},"potentialAction":[{"@type":"SearchAction","target":{"@type":"EntryPoint","urlTemplate":"https:\/\/pub.ingede.com\/?s={search_term_string}"},"query-input":{"@type":"PropertyValueSpecification","valueRequired":true,"valueName":"search_term_string"}}],"inLanguage":"en-GB"},{"@type":"Organization","@id":"https:\/\/pub.ingede.com\/#organization","name":"INGEDE","url":"https:\/\/pub.ingede.com\/","logo":{"@type":"ImageObject","inLanguage":"en-GB","@id":"https:\/\/pub.ingede.com\/#\/schema\/logo\/image\/","url":"http:\/\/pub.ingede.com\/wp-content\/uploads\/2017\/05\/INGEDE-Logo-100x100mm300dpi.jpg","contentUrl":"http:\/\/pub.ingede.com\/wp-content\/uploads\/2017\/05\/INGEDE-Logo-100x100mm300dpi.jpg","width":1181,"height":1181,"caption":"INGEDE"},"image":{"@id":"https:\/\/pub.ingede.com\/#\/schema\/logo\/image\/"}}]}},"_links":{"self":[{"href":"https:\/\/pub.ingede.com\/wp-json\/wp\/v2\/pages\/2606","targetHints":{"allow":["GET"]}}],"collection":[{"href":"https:\/\/pub.ingede.com\/wp-json\/wp\/v2\/pages"}],"about":[{"href":"https:\/\/pub.ingede.com\/wp-json\/wp\/v2\/types\/page"}],"author":[{"embeddable":true,"href":"https:\/\/pub.ingede.com\/wp-json\/wp\/v2\/users\/1"}],"replies":[{"embeddable":true,"href":"https:\/\/pub.ingede.com\/wp-json\/wp\/v2\/comments?post=2606"}],"version-history":[{"count":6,"href":"https:\/\/pub.ingede.com\/wp-json\/wp\/v2\/pages\/2606\/revisions"}],"predecessor-version":[{"id":3121,"href":"https:\/\/pub.ingede.com\/wp-json\/wp\/v2\/pages\/2606\/revisions\/3121"}],"wp:attachment":[{"href":"https:\/\/pub.ingede.com\/wp-json\/wp\/v2\/media?parent=2606"}],"curies":[{"name":"wp","href":"https:\/\/api.w.org\/{rel}","templated":true}]}}